{"id":7667,"date":"2023-07-24T11:28:02","date_gmt":"2023-07-24T14:28:02","guid":{"rendered":"https:\/\/palheirospaulistinha.com.br\/exportacion\/"},"modified":"2024-09-02T22:09:57","modified_gmt":"2024-09-03T01:09:57","slug":"exportacion","status":"publish","type":"page","link":"https:\/\/palheirospaulistinha.com.br\/es\/exportacion\/","title":{"rendered":"EXPORTACI\u00d3N"},"content":{"rendered":"\t\t<div data-elementor-type=\"wp-page\" data-elementor-id=\"7667\" class=\"elementor elementor-7667\" data-elementor-post-type=\"page\">\n\t\t\t\t\t\t<div class=\"elementor-inner\">\n\t\t\t\t<div class=\"elementor-section-wrap\">\n\t\t\t\t\t\t\t\t\t<section class=\"elementor-section elementor-top-section elementor-element elementor-element-a1f6955 elementor-section-boxed elementor-section-height-default elementor-section-height-default\" data-id=\"a1f6955\" data-element_type=\"section\">\n\t\t\t\t\t\t<div class=\"elementor-container elementor-column-gap-default\">\n\t\t\t\t\t\t\t<div class=\"elementor-row\">\n\t\t\t\t\t<div class=\"elementor-column elementor-col-100 elementor-top-column elementor-element elementor-element-77bbcc6\" data-id=\"77bbcc6\" data-element_type=\"column\">\n\t\t\t<div class=\"elementor-column-wrap elementor-element-populated\">\n\t\t\t\t\t\t\t<div class=\"elementor-widget-wrap\">\n\t\t\t\t\t\t<div class=\"elementor-element elementor-element-aea21d6 elementor-widget elementor-widget-heading\" data-id=\"aea21d6\" data-element_type=\"widget\" data-widget_type=\"heading.default\">\n\t\t\t\t<div class=\"elementor-widget-container\">\n\t\t\t<style>\/*! elementor - v3.15.0 - 26-07-2023 *\/\n.elementor-heading-title{padding:0;margin:0;line-height:1}.elementor-widget-heading .elementor-heading-title[class*=elementor-size-]>a{color:inherit;font-size:inherit;line-height:inherit}.elementor-widget-heading .elementor-heading-title.elementor-size-small{font-size:15px}.elementor-widget-heading .elementor-heading-title.elementor-size-medium{font-size:19px}.elementor-widget-heading .elementor-heading-title.elementor-size-large{font-size:29px}.elementor-widget-heading .elementor-heading-title.elementor-size-xl{font-size:39px}.elementor-widget-heading .elementor-heading-title.elementor-size-xxl{font-size:59px}<\/style><h2 class=\"elementor-heading-title elementor-size-default\">PROYECTO DE INTERNACIONALIZACI\u00d3N<\/h2>\t\t<\/div>\n\t\t\t\t<\/div>\n\t\t\t\t<div class=\"elementor-element elementor-element-80d3e3c elementor-widget elementor-widget-heading\" data-id=\"80d3e3c\" data-element_type=\"widget\" data-widget_type=\"heading.default\">\n\t\t\t\t<div class=\"elementor-widget-container\">\n\t\t\t<h2 class=\"elementor-heading-title elementor-size-default\">\u00a1De bebedouro al mundo!<\/h2>\t\t<\/div>\n\t\t\t\t<\/div>\n\t\t\t\t<div class=\"elementor-element elementor-element-c9c7cb1 elementor-widget elementor-widget-text-editor\" data-id=\"c9c7cb1\" data-element_type=\"widget\" data-widget_type=\"text-editor.default\">\n\t\t\t\t<div class=\"elementor-widget-container\">\n\t\t\t<style>\/*! elementor - v3.15.0 - 26-07-2023 *\/\n.elementor-widget-text-editor.elementor-drop-cap-view-stacked .elementor-drop-cap{background-color:#69727d;color:#fff}.elementor-widget-text-editor.elementor-drop-cap-view-framed .elementor-drop-cap{color:#69727d;border:3px solid;background-color:transparent}.elementor-widget-text-editor:not(.elementor-drop-cap-view-default) .elementor-drop-cap{margin-top:8px}.elementor-widget-text-editor:not(.elementor-drop-cap-view-default) .elementor-drop-cap-letter{width:1em;height:1em}.elementor-widget-text-editor .elementor-drop-cap{float:left;text-align:center;line-height:1;font-size:50px}.elementor-widget-text-editor .elementor-drop-cap-letter{display:inline-block}<\/style>\t\t\t\t\t<div class=\"elementor-text-editor elementor-clearfix\">\n\t\t\t\t<p><span>Nuestro proyecto de exportaci\u00f3n empez\u00f3 en 2020, con la contrataci\u00f3n de una consultor\u00eda especializada en internacionalizaci\u00f3n de empresas.<\/span><\/p><p><span>Con el objetivo de ingresar al mercado en diferentes pa\u00edses, se realiz\u00f3 un estudio detallado en temas como econom\u00eda, legislaci\u00f3n e impuestos, adem\u00e1s de un an\u00e1lisis detallado de precios, perfil del consumidor y posicionamiento del producto frente a la competencia global, entre otros.<\/span><\/p><p><span>De esta manera, establecimos nuevas estrategias y lineamientos en relaci\u00f3n a la capacitaci\u00f3n del equipo comercial, adem\u00e1s de crear un cat\u00e1logo en idiomas extranjeros.<\/span><\/p><p>Tambi\u00e9n reafirmamos un nuevo concepto de marca que posiciona Palheiros Paulistinha como un producto con el sello \u201cMade in Brazil\u201d, atrayendo as\u00ed significativa simpat\u00eda y receptividad entre los extranjeros.<\/p>\t\t\t\t\t<\/div>\n\t\t\t\t\t\t<\/div>\n\t\t\t\t<\/div>\n\t\t\t\t\t\t<\/div>\n\t\t\t\t\t<\/div>\n\t\t<\/div>\n\t\t\t\t\t\t\t\t<\/div>\n\t\t\t\t\t<\/div>\n\t\t<\/section>\n\t\t\t\t\t\t\t\t\t<\/div>\n\t\t\t<\/div>\n\t\t\t\t\t<\/div>\n\t\t","protected":false},"excerpt":{"rendered":"<p>PROYECTO DE INTERNACIONALIZACI\u00d3N \u00a1De bebedouro al mundo! Nuestro proyecto de exportaci\u00f3n empez\u00f3 en 2020, con la contrataci\u00f3n de una consultor\u00eda especializada en internacionalizaci\u00f3n de empresas. Con el objetivo de ingresar al mercado en diferentes pa\u00edses, se realiz\u00f3 un estudio detallado en temas como econom\u00eda, legislaci\u00f3n e impuestos, adem\u00e1s de un an\u00e1lisis detallado de precios, perfil [&hellip;]<\/p>\n","protected":false},"author":2,"featured_media":0,"parent":0,"menu_order":0,"comment_status":"closed","ping_status":"closed","template":"","meta":{"footnotes":""},"class_list":["post-7667","page","type-page","status-publish","hentry"],"_links":{"self":[{"href":"https:\/\/palheirospaulistinha.com.br\/es\/wp-json\/wp\/v2\/pages\/7667","targetHints":{"allow":["GET"]}}],"collection":[{"href":"https:\/\/palheirospaulistinha.com.br\/es\/wp-json\/wp\/v2\/pages"}],"about":[{"href":"https:\/\/palheirospaulistinha.com.br\/es\/wp-json\/wp\/v2\/types\/page"}],"author":[{"embeddable":true,"href":"https:\/\/palheirospaulistinha.com.br\/es\/wp-json\/wp\/v2\/users\/2"}],"replies":[{"embeddable":true,"href":"https:\/\/palheirospaulistinha.com.br\/es\/wp-json\/wp\/v2\/comments?post=7667"}],"version-history":[{"count":10,"href":"https:\/\/palheirospaulistinha.com.br\/es\/wp-json\/wp\/v2\/pages\/7667\/revisions"}],"predecessor-version":[{"id":7861,"href":"https:\/\/palheirospaulistinha.com.br\/es\/wp-json\/wp\/v2\/pages\/7667\/revisions\/7861"}],"wp:attachment":[{"href":"https:\/\/palheirospaulistinha.com.br\/es\/wp-json\/wp\/v2\/media?parent=7667"}],"curies":[{"name":"wp","href":"https:\/\/api.w.org\/{rel}","templated":true}]}}